{"id":17058,"date":"2021-07-01T18:17:56","date_gmt":"2021-07-01T16:17:56","guid":{"rendered":"https:\/\/www.software-developer-india.com\/johto\/"},"modified":"2021-07-01T18:17:56","modified_gmt":"2021-07-01T16:17:56","slug":"johto","status":"publish","type":"page","link":"https:\/\/www.software-developer-india.com\/fi\/keita-olemme\/johto\/","title":{"rendered":"Johto"},"content":{"rendered":"<p>[custom_frame_left]<img loading=\"lazy\" decoding=\"async\" title=\"Sascha Thattil\" src=\"https:\/\/www.software-developer-india.com\/wp-content\/uploads\/2018\/04\/sascha-thattil.jpg\" alt=\"\" width=\"270\" height=\"270\"><br \/>\n[\/custom_frame_left]<\/p>\n<h4 style=\"margin-top: 0px;\">Sascha Thattil<\/h4>\n<h6>Kick-Starter ja toimitusjohtaja<\/h6>\n<p>Tutkittuani yritystietoj\u00e4rjestelmi\u00e4 ja yritystutkimuksia Saksassa ja Skotlannissa ty\u00f6skentelin useita vuosia SAP: lla konsulttina Sveitsin rahoitusalan yrityksille.<\/p>\n<p>Vieraillessani Intiassa sain selville, ett\u00e4 Intiassa Keralassa on valtava joukko p\u00e4tevi\u00e4 ohjelmistokehitt\u00e4ji\u00e4. Toisaalta Saksassa tarvittiin kipe\u00e4sti ohjelmistokehitt\u00e4ji\u00e4. T\u00e4m\u00e4n tarpeen t\u00e4ytt\u00e4miseksi perustin Intia-ohjelmistokehitt\u00e4j\u00e4n (osa YUHIRO Technologies Private Limitedi\u00e4).<\/p>\n<p>L\u00f6yd\u00e4 minut:<a href=\"https:\/\/www.linkedin.com\/in\/sascha-thattil-abb96245\/\"> LinkedIn<\/a> |<a href=\"https:\/\/www.youtube.com\/channel\/UCVFBRNMeOrW2vgIuFgit_8g\"> Youtube<\/a> |<a href=\"https:\/\/www.facebook.com\/sascha.thattil1\"> Facebook<\/a> |<a href=\"https:\/\/www.quora.com\/profile\/Sascha-Thattil\"> Quora<\/a><\/p>\n<p><strong>S\u00e4hk\u00f6posti:<\/strong><a href=\"mailto:sascha.thattil@software-developer-india.com\"> sascha.thattil@software-developer-india.com<\/a><br \/>\n<strong>Puhelin:<\/strong> +91 984 6861166<\/p>\n<p>[divider_top]<\/p>\n<p>&nbsp;<\/p>\n<div style=\"clear: left;\"><\/div>\n<p>[custom_frame_left]<img loading=\"lazy\" decoding=\"async\" src=\"https:\/\/www.software-developer-india.com\/wp-content\/uploads\/2013\/04\/Sathya.jpg\" alt=\"\" width=\"270\" height=\"270\" class=\"alignleft size-full wp-image-2585\" srcset=\"https:\/\/www.software-developer-india.com\/wp-content\/uploads\/2013\/04\/Sathya.jpg 270w, https:\/\/www.software-developer-india.com\/wp-content\/uploads\/2013\/04\/Sathya-150x150.jpg 150w\" sizes=\"auto, (max-width: 270px) 100vw, 270px\" \/><br \/>\n[\/custom_frame_left]<\/p>\n<h4 style=\"margin-top: 0px;\">Sathyanarayanan<\/h4>\n<h6>Toimintajohtaja<\/h6>\n<p>Minulla on yli 17 vuoden kokemus ohjelmistoteollisuudesta ja tuen asiakkaitamme maailmanlaajuisesti erinomaisilla IT-palveluilla. Huolehdin, ett\u00e4 koko prosessi sujuu sujuvasti kehitt\u00e4jien palkkaamisesta projektien saamiseen raiteilleen.<\/p>\n<p>Asiantuntemukseni ja keskittymeni asiakassuhteiden hallintaan, prosessinhallintaan ja vaatimusten analysointiin.<\/p>\n<p><strong>S\u00e4hk\u00f6posti:<\/strong><a href=\"mailto:sathya@software-developer-india.com\"> sathya@software-developer-india.com<\/a><\/p>\n<p>[divider_top]<\/p>\n<p>&nbsp;<\/p>\n<div style=\"clear: left;\"><\/div>\n<p>[custom_frame_left]<img loading=\"lazy\" decoding=\"async\" src=\"https:\/\/www.software-developer-india.com\/wp-content\/uploads\/2013\/04\/tinto-thomas-foto.256x256-150x150.jpg\" alt=\"\" width=\"150\" height=\"150\" class=\"alignleft size-thumbnail wp-image-2587\" srcset=\"https:\/\/www.software-developer-india.com\/wp-content\/uploads\/2013\/04\/tinto-thomas-foto.256x256-150x150.jpg 150w, https:\/\/www.software-developer-india.com\/wp-content\/uploads\/2013\/04\/tinto-thomas-foto.256x256.jpg 256w\" sizes=\"auto, (max-width: 150px) 100vw, 150px\" \/><br \/>\n[\/custom_frame_left]<\/p>\n<h4 style=\"margin-top: 0px;\">Tinto Thomas<\/h4>\n<h6>Liiketoiminnan kehitys- ja vuokrausp\u00e4\u00e4llikk\u00f6<\/h6>\n<p>Varmistan, ett\u00e4 palkkaamme oikeat ihmiset oikealle asiakkaalle.<\/p>\n<p>Palkkaamisen lis\u00e4ksi olen my\u00f6s tiiviisti mukana liiketoiminnan kehitt\u00e4misess\u00e4. P\u00e4\u00e4tavoitteena on tarjota oikea ratkaisu asiakkaillemme.<\/p>\n<p><strong>S\u00e4hk\u00f6posti:<\/strong><a href=\"mailto:tinto.thomas@software-developer-india.com\"> tinto.thomas@software-developer-india.com<\/a><\/p>\n<p>&nbsp;<\/p>\n<div style=\"clear: left;\"><\/div>\n<p>[divider_top]<\/p>\n<p>[custom_frame_left]<img loading=\"lazy\" decoding=\"async\" src=\"https:\/\/www.software-developer-india.com\/wp-content\/uploads\/2013\/04\/Deepak.jpg\" alt=\"\" width=\"150\" height=\"150\" class=\"alignleft size-full wp-image-2588\"><br \/>\n[\/custom_frame_left]<\/p>\n<h4 style=\"margin-top: 0px;\">Deepak Divakaran<\/h4>\n<h6>Toimisto- ja markkinointip\u00e4\u00e4llikk\u00f6<\/h6>\n<p>Yksi vastuustani on, ett\u00e4 h\u00e4nen toimistonsa toimii sujuvasti.<\/p>\n<p>Sen lis\u00e4ksi tarjoan nykyisille ja potentiaalisille asiakkaillemme asiaankuuluvaa tietoa Intian ohjelmistokehityspalveluista.<\/p>\n<p><strong>S\u00e4hk\u00f6posti:<\/strong><a href=\"mailto:deepak@software-developer-india.com\"> deepak@software-developer-india.com<\/a><\/p>\n<p>[divider_top]<\/p>\n<p><script>\n  (function(i,s,o,g,r,a,m){i['GoogleAnalyticsObject']=r;i[r]=i[r]||function(){\n  (i[r].q=i[r].q||[]).push(arguments)},i[r].l=1*new Date();a=s.createElement(o),\n  m=s.getElementsByTagName(o)[0];a.async=1;a.src=g;m.parentNode.insertBefore(a,m)\n  })(window,document,'script','\/\/www.google-analytics.com\/analytics.js','ga');<\/p>\n<p>  ga('create', 'UA-40360444-1', 'software-developer-india.com');\n  ga('send', 'pageview');<\/p>\n<p><\/script><\/p>\n<div class=\"shariff\"><ul class=\"shariff-buttons theme-default orientation-horizontal buttonsize-medium\"><li class=\"shariff-button twitter shariff-nocustomcolor\" style=\"background-color:#595959\"><a href=\"https:\/\/twitter.com\/share?url=https%3A%2F%2Fwww.software-developer-india.com%2Ffi%2Fkeita-olemme%2Fjohto%2F&text=Johto\" title=\"Jaa X\" aria-label=\"Jaa X\" role=\"button\" rel=\"noopener nofollow\" class=\"shariff-link\" style=\"; background-color:#000; color:#fff\" target=\"_blank\"><span class=\"shariff-icon\" style=\"\"><svg width=\"32px\" height=\"20px\" xmlns=\"http:\/\/www.w3.org\/2000\/svg\" viewBox=\"0 0 24 24\"><path fill=\"#000\" d=\"M14.258 10.152L23.176 0h-2.113l-7.747 8.813L7.133 0H0l9.352 13.328L0 23.973h2.113l8.176-9.309 6.531 9.309h7.133zm-2.895 3.293l-.949-1.328L2.875 1.56h3.246l6.086 8.523.945 1.328 7.91 11.078h-3.246zm0 0\"\/><\/svg><\/span><span class=\"shariff-text\">Jaa<\/span>&nbsp;<\/a><\/li><li class=\"shariff-button facebook shariff-nocustomcolor\" style=\"background-color:#4273c8\"><a href=\"https:\/\/www.facebook.com\/sharer\/sharer.php?u=https%3A%2F%2Fwww.software-developer-india.com%2Ffi%2Fkeita-olemme%2Fjohto%2F\" title=\"Jaa Facebookissa\" aria-label=\"Jaa Facebookissa\" role=\"button\" rel=\"nofollow\" class=\"shariff-link\" style=\"; background-color:#3b5998; color:#fff\" target=\"_blank\"><span class=\"shariff-icon\" style=\"\"><svg width=\"32px\" height=\"20px\" xmlns=\"http:\/\/www.w3.org\/2000\/svg\" viewBox=\"0 0 18 32\"><path fill=\"#3b5998\" d=\"M17.1 0.2v4.7h-2.8q-1.5 0-2.1 0.6t-0.5 1.9v3.4h5.2l-0.7 5.3h-4.5v13.6h-5.5v-13.6h-4.5v-5.3h4.5v-3.9q0-3.3 1.9-5.2t5-1.8q2.6 0 4.1 0.2z\"\/><\/svg><\/span><span class=\"shariff-text\">Jaa<\/span>&nbsp;<\/a><\/li><li class=\"shariff-button linkedin shariff-nocustomcolor\" style=\"background-color:#1488bf\"><a href=\"https:\/\/www.linkedin.com\/sharing\/share-offsite\/?url=https%3A%2F%2Fwww.software-developer-india.com%2Ffi%2Fkeita-olemme%2Fjohto%2F\" title=\"Jaa LinkedIniss\u00e4\" aria-label=\"Jaa LinkedIniss\u00e4\" role=\"button\" rel=\"noopener nofollow\" class=\"shariff-link\" style=\"; background-color:#0077b5; color:#fff\" target=\"_blank\"><span class=\"shariff-icon\" style=\"\"><svg width=\"32px\" height=\"20px\" xmlns=\"http:\/\/www.w3.org\/2000\/svg\" viewBox=\"0 0 27 32\"><path fill=\"#0077b5\" d=\"M6.2 11.2v17.7h-5.9v-17.7h5.9zM6.6 5.7q0 1.3-0.9 2.2t-2.4 0.9h0q-1.5 0-2.4-0.9t-0.9-2.2 0.9-2.2 2.4-0.9 2.4 0.9 0.9 2.2zM27.4 18.7v10.1h-5.9v-9.5q0-1.9-0.7-2.9t-2.3-1.1q-1.1 0-1.9 0.6t-1.2 1.5q-0.2 0.5-0.2 1.4v9.9h-5.9q0-7.1 0-11.6t0-5.3l0-0.9h5.9v2.6h0q0.4-0.6 0.7-1t1-0.9 1.6-0.8 2-0.3q3 0 4.9 2t1.9 6z\"\/><\/svg><\/span><span class=\"shariff-text\">Jaa<\/span>&nbsp;<\/a><\/li><li class=\"shariff-button xing shariff-nocustomcolor\" style=\"background-color:#29888a\"><a href=\"https:\/\/www.xing.com\/spi\/shares\/new?url=https%3A%2F%2Fwww.software-developer-india.com%2Ffi%2Fkeita-olemme%2Fjohto%2F\" title=\"Jaa XINGiss\u00e4\" aria-label=\"Jaa XINGiss\u00e4\" role=\"button\" rel=\"noopener nofollow\" class=\"shariff-link\" style=\"; background-color:#126567; color:#fff\" target=\"_blank\"><span class=\"shariff-icon\" style=\"\"><svg width=\"32px\" height=\"20px\" xmlns=\"http:\/\/www.w3.org\/2000\/svg\" viewBox=\"0 0 25 32\"><path fill=\"#126567\" d=\"M10.7 11.9q-0.2 0.3-4.6 8.2-0.5 0.8-1.2 0.8h-4.3q-0.4 0-0.5-0.3t0-0.6l4.5-8q0 0 0 0l-2.9-5q-0.2-0.4 0-0.7 0.2-0.3 0.5-0.3h4.3q0.7 0 1.2 0.8zM25.1 0.4q0.2 0.3 0 0.7l-9.4 16.7 6 11q0.2 0.4 0 0.6-0.2 0.3-0.6 0.3h-4.3q-0.7 0-1.2-0.8l-6-11.1q0.3-0.6 9.5-16.8 0.4-0.8 1.2-0.8h4.3q0.4 0 0.5 0.3z\"\/><\/svg><\/span><span class=\"shariff-text\">Jaa<\/span>&nbsp;<\/a><\/li><\/ul><\/div>","protected":false},"excerpt":{"rendered":"<p>[custom_frame_left] [\/custom_frame_left] Sascha Thattil Kick-Starter ja toimitusjohtaja Tutkittuani yritystietoj\u00e4rjestelmi\u00e4 ja yritystutkimuksia Saksassa ja Skotlannissa ty\u00f6skentelin useita vuosia SAP: lla konsulttina Sveitsin rahoitusalan yrityksille. Vieraillessani Intiassa &#8230; <a title=\"Johto\" class=\"read-more\" href=\"https:\/\/www.software-developer-india.com\/fi\/keita-olemme\/johto\/\" aria-label=\"Lue lis\u00e4\u00e4 aiheesta Johto\">Lue lis\u00e4\u00e4<\/a><\/p>\n","protected":false},"author":1,"featured_media":0,"parent":17065,"menu_order":0,"comment_status":"open","ping_status":"open","template":"page-PageTemplate2.php","meta":{"om_disable_all_campaigns":false,"_monsterinsights_skip_tracking":false,"_monsterinsights_sitenote_active":false,"_monsterinsights_sitenote_note":"","_monsterinsights_sitenote_category":0,"footnotes":""},"class_list":["post-17058","page","type-page","status-publish"],"aioseo_notices":[],"_links":{"self":[{"href":"https:\/\/www.software-developer-india.com\/fi\/wp-json\/wp\/v2\/pages\/17058","targetHints":{"allow":["GET"]}}],"collection":[{"href":"https:\/\/www.software-developer-india.com\/fi\/wp-json\/wp\/v2\/pages"}],"about":[{"href":"https:\/\/www.software-developer-india.com\/fi\/wp-json\/wp\/v2\/types\/page"}],"author":[{"embeddable":true,"href":"https:\/\/www.software-developer-india.com\/fi\/wp-json\/wp\/v2\/users\/1"}],"replies":[{"embeddable":true,"href":"https:\/\/www.software-developer-india.com\/fi\/wp-json\/wp\/v2\/comments?post=17058"}],"version-history":[{"count":0,"href":"https:\/\/www.software-developer-india.com\/fi\/wp-json\/wp\/v2\/pages\/17058\/revisions"}],"up":[{"embeddable":true,"href":"https:\/\/www.software-developer-india.com\/fi\/wp-json\/wp\/v2\/pages\/17065"}],"wp:attachment":[{"href":"https:\/\/www.software-developer-india.com\/fi\/wp-json\/wp\/v2\/media?parent=17058"}],"curies":[{"name":"wp","href":"https:\/\/api.w.org\/{rel}","templated":true}]}}