{"id":17108,"date":"2021-07-01T18:19:08","date_gmt":"2021-07-01T16:19:08","guid":{"rendered":"https:\/\/www.software-developer-india.com\/programme-de-parrainage\/"},"modified":"2021-07-01T18:19:30","modified_gmt":"2021-07-01T16:19:30","slug":"programme-de-parrainage","status":"publish","type":"page","link":"https:\/\/www.software-developer-india.com\/fr\/carrieres\/programme-de-parrainage\/","title":{"rendered":"Programme de parrainage"},"content":{"rendered":"<h1><span style=\"color: #000080;\">Connaissez-vous de brillants d\u00e9veloppeurs de logiciels qui pourraient correspondre \u00e0 notre offre d&#8217;emploi? <\/span><\/h1>\n<p>Pour trouver les meilleurs employ\u00e9s, nous nous appuyons fortement sur les r\u00e9f\u00e9rences des employ\u00e9s et des non-employ\u00e9s. Vous obtiendrez une belle prime en esp\u00e8ces si nous embauchons le candidat recommand\u00e9.<\/p>\n<p>Gagnez en aidant les autres \u00e0 trouver la bonne carri\u00e8re dans l&rsquo;une des start-ups informatiques les plus prometteuses du moment. En tant qu&#8217;employ\u00e9 ou non-employ\u00e9, vous pouvez obtenir les r\u00e9compenses d&rsquo;une embauche r\u00e9ussie. Plus vous invitez et parrainez de personnes, plus vous avez de chances de gagner plus de r\u00e9compenses.<\/p>\n<p>Rejoignez notre programme de parrainage SoftwareDeveloperRefer&nbsp;:<\/p>\n<h1>\u00c9tape 1 : s&rsquo;inscrire<\/h1>\n<p>Inscrivez-vous avec nous en nous envoyant un e-mail \u00e0<a href=\"mailto:careers@software-developer-india.com\"> careers@software-developer-india.com<\/a> avec la ligne d&rsquo;objet&nbsp;: \u00ab&nbsp;Soumission SoftwareDeveloperRefer&nbsp;: (Poste vacant)&nbsp;\u00bb. Vous pouvez \u00e9galement utiliser le formulaire Inscrivez-vous maintenant \u00e0 la fin de cette page.<\/p>\n<h1>\u00c9tape 2 : Remplir la fiche de parrainage<\/h1>\n<p>Apr\u00e8s nous avoir envoy\u00e9 l&rsquo;e-mail initial, nous vous fournirons une feuille de r\u00e9f\u00e9rence o\u00f9 vous pourrez noter les r\u00e9f\u00e9rences. Ceux-ci devraient \u00eatre les meilleurs programmeurs que vous connaissez peut-\u00eatre. Envoyez-nous la fiche de parrainage remplie<\/p>\n<h1>\u00c9tape 3 : Inviter des filleuls<\/h1>\n<p>Une fois que vos filleuls ont \u00e9t\u00e9 inclus dans notre liste de contacts, vous pouvez envoyer une invitation par e-mail \u00e0 vos filleuls, les encourageant \u00e0 postuler.<\/p>\n<h1>\u00c9tape 4 : Obtenez votre r\u00e9compense<\/h1>\n<p>Une fois vos r\u00e9f\u00e9rences confirm\u00e9es, vous en serez inform\u00e9 et vos r\u00e9f\u00e9rences seront automatiquement tagu\u00e9es sous vous. Dans le cas o\u00f9 ils ont \u00e9t\u00e9 embauch\u00e9s avec succ\u00e8s, vous obtenez la prime de recommandation qui accompagne le poste.<\/p>\n<h2><span style=\"color: #000080;\">Inscrivez-vous maintenant et soyez r\u00e9compens\u00e9<\/span><\/h2>\n<p>[contact-form-7 id=\u00a0\u00bb428&Prime; title=\u00a0\u00bbSoftwareDeveloperReferForm\u00a0\u00bb]<\/p>\n<p><script>\n  (function(i,s,o,g,r,a,m){i['GoogleAnalyticsObject']=r;i[r]=i[r]||function(){\n  (i[r].q=i[r].q||[]).push(arguments)},i[r].l=1*new Date();a=s.createElement(o),\n  m=s.getElementsByTagName(o)[0];a.async=1;a.src=g;m.parentNode.insertBefore(a,m)\n  })(window,document,'script','\/\/www.google-analytics.com\/analytics.js','ga');<\/p>\n<p>  ga('create', 'UA-40360444-1', 'software-developer-india.com');\n  ga('send', 'pageview');<\/p>\n<p><\/script><\/p>\n<div class=\"shariff\"><ul class=\"shariff-buttons theme-default orientation-horizontal buttonsize-medium\"><li class=\"shariff-button twitter shariff-nocustomcolor\" style=\"background-color:#595959\"><a href=\"https:\/\/twitter.com\/share?url=https%3A%2F%2Fwww.software-developer-india.com%2Ffr%2Fcarrieres%2Fprogramme-de-parrainage%2F&text=Programme%20de%20parrainage\" title=\"Envoyer par X\" aria-label=\"Envoyer par X\" role=\"button\" rel=\"noopener nofollow\" class=\"shariff-link\" style=\"; background-color:#000; color:#fff\" target=\"_blank\"><span class=\"shariff-icon\" style=\"\"><svg width=\"32px\" height=\"20px\" xmlns=\"http:\/\/www.w3.org\/2000\/svg\" viewBox=\"0 0 24 24\"><path fill=\"#000\" d=\"M14.258 10.152L23.176 0h-2.113l-7.747 8.813L7.133 0H0l9.352 13.328L0 23.973h2.113l8.176-9.309 6.531 9.309h7.133zm-2.895 3.293l-.949-1.328L2.875 1.56h3.246l6.086 8.523.945 1.328 7.91 11.078h-3.246zm0 0\"\/><\/svg><\/span><span class=\"shariff-text\">partager<\/span>&nbsp;<\/a><\/li><li class=\"shariff-button facebook shariff-nocustomcolor\" style=\"background-color:#4273c8\"><a href=\"https:\/\/www.facebook.com\/sharer\/sharer.php?u=https%3A%2F%2Fwww.software-developer-india.com%2Ffr%2Fcarrieres%2Fprogramme-de-parrainage%2F\" title=\"Envoyer par Facebook\" aria-label=\"Envoyer par Facebook\" role=\"button\" rel=\"nofollow\" class=\"shariff-link\" style=\"; background-color:#3b5998; color:#fff\" target=\"_blank\"><span class=\"shariff-icon\" style=\"\"><svg width=\"32px\" height=\"20px\" xmlns=\"http:\/\/www.w3.org\/2000\/svg\" viewBox=\"0 0 18 32\"><path fill=\"#3b5998\" d=\"M17.1 0.2v4.7h-2.8q-1.5 0-2.1 0.6t-0.5 1.9v3.4h5.2l-0.7 5.3h-4.5v13.6h-5.5v-13.6h-4.5v-5.3h4.5v-3.9q0-3.3 1.9-5.2t5-1.8q2.6 0 4.1 0.2z\"\/><\/svg><\/span><span class=\"shariff-text\">partager<\/span>&nbsp;<\/a><\/li><li class=\"shariff-button linkedin shariff-nocustomcolor\" style=\"background-color:#1488bf\"><a href=\"https:\/\/www.linkedin.com\/sharing\/share-offsite\/?url=https%3A%2F%2Fwww.software-developer-india.com%2Ffr%2Fcarrieres%2Fprogramme-de-parrainage%2F\" title=\"Envoyer par LinkedIn\" aria-label=\"Envoyer par LinkedIn\" role=\"button\" rel=\"noopener nofollow\" class=\"shariff-link\" style=\"; background-color:#0077b5; color:#fff\" target=\"_blank\"><span class=\"shariff-icon\" style=\"\"><svg width=\"32px\" height=\"20px\" xmlns=\"http:\/\/www.w3.org\/2000\/svg\" viewBox=\"0 0 27 32\"><path fill=\"#0077b5\" d=\"M6.2 11.2v17.7h-5.9v-17.7h5.9zM6.6 5.7q0 1.3-0.9 2.2t-2.4 0.9h0q-1.5 0-2.4-0.9t-0.9-2.2 0.9-2.2 2.4-0.9 2.4 0.9 0.9 2.2zM27.4 18.7v10.1h-5.9v-9.5q0-1.9-0.7-2.9t-2.3-1.1q-1.1 0-1.9 0.6t-1.2 1.5q-0.2 0.5-0.2 1.4v9.9h-5.9q0-7.1 0-11.6t0-5.3l0-0.9h5.9v2.6h0q0.4-0.6 0.7-1t1-0.9 1.6-0.8 2-0.3q3 0 4.9 2t1.9 6z\"\/><\/svg><\/span><span class=\"shariff-text\">partager<\/span>&nbsp;<\/a><\/li><li class=\"shariff-button xing shariff-nocustomcolor\" style=\"background-color:#29888a\"><a href=\"https:\/\/www.xing.com\/spi\/shares\/new?url=https%3A%2F%2Fwww.software-developer-india.com%2Ffr%2Fcarrieres%2Fprogramme-de-parrainage%2F\" title=\"Envoyer par XING\" aria-label=\"Envoyer par XING\" role=\"button\" rel=\"noopener nofollow\" class=\"shariff-link\" style=\"; background-color:#126567; color:#fff\" target=\"_blank\"><span class=\"shariff-icon\" style=\"\"><svg width=\"32px\" height=\"20px\" xmlns=\"http:\/\/www.w3.org\/2000\/svg\" viewBox=\"0 0 25 32\"><path fill=\"#126567\" d=\"M10.7 11.9q-0.2 0.3-4.6 8.2-0.5 0.8-1.2 0.8h-4.3q-0.4 0-0.5-0.3t0-0.6l4.5-8q0 0 0 0l-2.9-5q-0.2-0.4 0-0.7 0.2-0.3 0.5-0.3h4.3q0.7 0 1.2 0.8zM25.1 0.4q0.2 0.3 0 0.7l-9.4 16.7 6 11q0.2 0.4 0 0.6-0.2 0.3-0.6 0.3h-4.3q-0.7 0-1.2-0.8l-6-11.1q0.3-0.6 9.5-16.8 0.4-0.8 1.2-0.8h4.3q0.4 0 0.5 0.3z\"\/><\/svg><\/span><span class=\"shariff-text\">partager<\/span>&nbsp;<\/a><\/li><\/ul><\/div>","protected":false},"excerpt":{"rendered":"<p>Connaissez-vous de brillants d\u00e9veloppeurs de logiciels qui pourraient correspondre \u00e0 notre offre d&#8217;emploi? Pour trouver les meilleurs employ\u00e9s, nous nous appuyons fortement sur les r\u00e9f\u00e9rences &#8230; <a title=\"Programme de parrainage\" class=\"read-more\" href=\"https:\/\/www.software-developer-india.com\/fr\/carrieres\/programme-de-parrainage\/\" aria-label=\"En savoir plus sur Programme de parrainage\">Lire plus<\/a><\/p>\n","protected":false},"author":1,"featured_media":0,"parent":17225,"menu_order":0,"comment_status":"open","ping_status":"open","template":"page-PageTemplate4.php","meta":{"om_disable_all_campaigns":false,"_monsterinsights_skip_tracking":false,"_monsterinsights_sitenote_active":false,"_monsterinsights_sitenote_note":"","_monsterinsights_sitenote_category":0,"footnotes":""},"class_list":["post-17108","page","type-page","status-publish"],"aioseo_notices":[],"_links":{"self":[{"href":"https:\/\/www.software-developer-india.com\/fr\/wp-json\/wp\/v2\/pages\/17108","targetHints":{"allow":["GET"]}}],"collection":[{"href":"https:\/\/www.software-developer-india.com\/fr\/wp-json\/wp\/v2\/pages"}],"about":[{"href":"https:\/\/www.software-developer-india.com\/fr\/wp-json\/wp\/v2\/types\/page"}],"author":[{"embeddable":true,"href":"https:\/\/www.software-developer-india.com\/fr\/wp-json\/wp\/v2\/users\/1"}],"replies":[{"embeddable":true,"href":"https:\/\/www.software-developer-india.com\/fr\/wp-json\/wp\/v2\/comments?post=17108"}],"version-history":[{"count":2,"href":"https:\/\/www.software-developer-india.com\/fr\/wp-json\/wp\/v2\/pages\/17108\/revisions"}],"predecessor-version":[{"id":17116,"href":"https:\/\/www.software-developer-india.com\/fr\/wp-json\/wp\/v2\/pages\/17108\/revisions\/17116"}],"up":[{"embeddable":true,"href":"https:\/\/www.software-developer-india.com\/fr\/wp-json\/wp\/v2\/pages\/17225"}],"wp:attachment":[{"href":"https:\/\/www.software-developer-india.com\/fr\/wp-json\/wp\/v2\/media?parent=17108"}],"curies":[{"name":"wp","href":"https:\/\/api.w.org\/{rel}","templated":true}]}}