{"id":37617,"date":"2024-12-30T18:52:16","date_gmt":"2024-12-30T16:52:16","guid":{"rendered":"https:\/\/www.software-developer-india.com\/a-propos-de\/"},"modified":"2024-12-30T19:08:30","modified_gmt":"2024-12-30T17:08:30","slug":"a-propos-de","status":"publish","type":"page","link":"https:\/\/www.software-developer-india.com\/fr\/a-propos-de\/","title":{"rendered":"A propos de nous"},"content":{"rendered":"<div class=\"wp-block-image\">\n<figure class=\"aligncenter size-full\"><img loading=\"lazy\" decoding=\"async\" width=\"575\" height=\"350\" src=\"https:\/\/www.software-developer-india.com\/wp-content\/uploads\/2024\/12\/Team-1.jpg\" alt=\"\" class=\"wp-image-37547\" srcset=\"https:\/\/www.software-developer-india.com\/wp-content\/uploads\/2024\/12\/Team-1.jpg 575w, https:\/\/www.software-developer-india.com\/wp-content\/uploads\/2024\/12\/Team-1-300x183.jpg 300w\" sizes=\"auto, (max-width: 575px) 100vw, 575px\" \/><\/figure>\n<\/div>\n<div style=\"height:25px\" aria-hidden=\"true\" class=\"wp-block-spacer\"><\/div>\n\n<p>Bienvenue chez <strong>Software Developer India<\/strong>, votre partenaire de confiance pour le recrutement de personnel informatique et les solutions de d\u00e9veloppement de logiciels.<\/p>\n\n<p>Bas\u00e9s en Inde, nous sommes sp\u00e9cialis\u00e9s dans la fourniture de d\u00e9veloppeurs de logiciels, de concepteurs et de professionnels de l&rsquo;informatique hautement qualifi\u00e9s et fiables aux entreprises en Allemagne et dans le monde entier. Notre mission est de combler le foss\u00e9 entre les talents exceptionnels et les entreprises \u00e0 la recherche de solutions technologiques innovantes. <\/p>\n\n<h3 class=\"wp-block-heading\"><strong>Nos d\u00e9buts<\/strong><\/h3>\n\n<p>Nous avons cr\u00e9\u00e9 notre entreprise dans le sud de l&rsquo;Allemagne et avons transf\u00e9r\u00e9 nos activit\u00e9s \u00e0 Kerala, en Inde, en 2012, afin de r\u00e9duire nos frais g\u00e9n\u00e9raux et d&rsquo;offrir des solutions rentables. De plus, nous sommes plus proches de l&rsquo;endroit o\u00f9 nous recrutons les talents informatiques. <\/p>\n<div class=\"wp-block-image\">\n<figure class=\"aligncenter size-full\"><img loading=\"lazy\" decoding=\"async\" width=\"250\" height=\"336\" src=\"https:\/\/www.software-developer-india.com\/wp-content\/uploads\/2024\/12\/CEO-1.jpg\" alt=\"\" class=\"wp-image-37557\" srcset=\"https:\/\/www.software-developer-india.com\/wp-content\/uploads\/2024\/12\/CEO-1.jpg 250w, https:\/\/www.software-developer-india.com\/wp-content\/uploads\/2024\/12\/CEO-1-223x300.jpg 223w\" sizes=\"auto, (max-width: 250px) 100vw, 250px\" \/><\/figure>\n<\/div>\n<div style=\"height:25px\" aria-hidden=\"true\" class=\"wp-block-spacer\"><\/div>\n\n<h3 class=\"wp-block-heading\"><strong>Rencontrez notre fondateur<\/strong><\/h3>\n\n<p><strong>Sascha Thattil<\/strong>, le visionnaire \u00e0 l&rsquo;origine de Software Developer India, a toujours \u00e9t\u00e9 passionn\u00e9 par la mise en relation des talents et des opportunit\u00e9s. Fort d&rsquo;une vaste exp\u00e9rience dans le secteur des technologies de l&rsquo;information et d&rsquo;une connaissance approfondie des march\u00e9s allemand et indien, Sascha a fond\u00e9 Software Developer India pour r\u00e9pondre \u00e0 la demande croissante de professionnels qualifi\u00e9s dans le domaine des technologies de l&rsquo;information. <\/p>\n\n<p>Ayant travaill\u00e9 en \u00e9troite collaboration avec des entreprises en Europe, Sascha comprend les d\u00e9fis auxquels les entreprises sont confront\u00e9es lorsqu&rsquo;il s&rsquo;agit de trouver des talents informatiques fiables. Son leadership permet \u00e0 l&rsquo;entreprise d&rsquo;offrir une valeur exceptionnelle gr\u00e2ce \u00e0 des solutions sur mesure, \u00e0 une communication transparente et \u00e0 un engagement en faveur de l&rsquo;excellence. L&rsquo;accent mis par Sascha sur la promotion de la collaboration interculturelle a jou\u00e9 un r\u00f4le d\u00e9terminant dans le succ\u00e8s de l&rsquo;entreprise.  <\/p>\n<div class=\"wp-block-image\">\n<figure class=\"aligncenter size-full\"><img loading=\"lazy\" decoding=\"async\" width=\"575\" height=\"200\" src=\"https:\/\/www.software-developer-india.com\/wp-content\/uploads\/2024\/12\/Kerala.jpg\" alt=\"\" class=\"wp-image-37567\" srcset=\"https:\/\/www.software-developer-india.com\/wp-content\/uploads\/2024\/12\/Kerala.jpg 575w, https:\/\/www.software-developer-india.com\/wp-content\/uploads\/2024\/12\/Kerala-300x104.jpg 300w\" sizes=\"auto, (max-width: 575px) 100vw, 575px\" \/><\/figure>\n<\/div>\n<div style=\"height:25px\" aria-hidden=\"true\" class=\"wp-block-spacer\"><\/div>\n\n<h3 class=\"wp-block-heading\"><strong>Destination IT Kerala<\/strong><\/h3>\n\n<p>Nous sommes fiers d&rsquo;\u00eatre bas\u00e9s au <strong>Kerala<\/strong>, le centre indien des technologies de l&rsquo;information. Connu comme <strong>le \u00ab\u00a0pays de Dieu\u00a0\u00bb,<\/strong> le Kerala s&rsquo;est \u00e9galement impos\u00e9 comme un centre majeur pour la technologie et l&rsquo;innovation. Avec une infrastructure informatique solide, une main-d&rsquo;\u0153uvre hautement qualifi\u00e9e et des initiatives gouvernementales qui soutiennent l&rsquo;\u00e9cosyst\u00e8me technologique, le Kerala est une destination id\u00e9ale pour les entreprises internationales \u00e0 la recherche de talents de haut niveau dans le domaine du d\u00e9veloppement de logiciels.  <\/p>\n\n<p>Les points forts du Kerala en tant que destination pour les technologies de l&rsquo;information sont les suivants :<\/p>\n\n<ul class=\"wp-block-list\">\n<li><strong>Une infrastructure de classe mondiale<\/strong>: Le Kerala poss\u00e8de plusieurs centres technologiques \u00e0 Kochi et Trivandrum. Il dispose de connexions internet solides et de plusieurs a\u00e9roports qui le relient au reste du monde. <\/li>\n\n\n\n<li><strong>Une main-d&rsquo;\u0153uvre qualifi\u00e9e<\/strong>: L&rsquo;\u00c9tat abrite certains des ing\u00e9nieurs et d\u00e9veloppeurs les plus comp\u00e9tents d&rsquo;Inde, gr\u00e2ce \u00e0 l&rsquo;accent mis sur l&rsquo;\u00e9ducation et la formation dans le secteur technologique.<\/li>\n\n\n\n<li><strong>Un environnement rentable<\/strong>: Compar\u00e9 \u00e0 d&rsquo;autres centres informatiques indiens, le Kerala offre une r\u00e9serve de talents rentable mais de grande qualit\u00e9, ce qui en fait une destination attrayante pour les entreprises du monde entier.<\/li>\n\n\n\n<li><strong>Une forte connectivit\u00e9<\/strong>: Avec des transports modernes, une infrastructure Internet fiable et un excellent \u00e9quilibre entre vie professionnelle et vie priv\u00e9e, le Kerala continue d&rsquo;attirer les meilleurs professionnels de l&rsquo;informatique et les entreprises.<\/li>\n<\/ul>\n\n<p>Notre implantation au Kerala nous permet d&rsquo;exploiter cet environnement riche en talents et de proposer des solutions innovantes et efficaces \u00e0 nos clients en Allemagne et dans le monde entier.<\/p>\n<div class=\"wp-block-image\">\n<figure class=\"aligncenter size-full\"><img loading=\"lazy\" decoding=\"async\" width=\"575\" height=\"200\" src=\"https:\/\/www.software-developer-india.com\/wp-content\/uploads\/2024\/12\/Cost-effective-solutions-3.jpg\" alt=\"\" class=\"wp-image-37587\" srcset=\"https:\/\/www.software-developer-india.com\/wp-content\/uploads\/2024\/12\/Cost-effective-solutions-3.jpg 575w, https:\/\/www.software-developer-india.com\/wp-content\/uploads\/2024\/12\/Cost-effective-solutions-3-300x104.jpg 300w\" sizes=\"auto, (max-width: 575px) 100vw, 575px\" \/><\/figure>\n<\/div>\n<div style=\"height:25px\" aria-hidden=\"true\" class=\"wp-block-spacer\"><\/div>\n\n<h3 class=\"wp-block-heading\"><strong>Quelle est notre proposition de vente unique (USP) ?<\/strong><\/h3>\n\n<p><strong>Nous combinons des d\u00e9veloppeurs hautement qualifi\u00e9s avec un prix raisonnable.<\/strong><\/p>\n\n<p>Pour ce faire, nous faisons preuve de <strong>transparence en ce qui concerne les salaires<\/strong> vers\u00e9s aux d\u00e9veloppeurs. En tant que client, vous pouvez \u00e9galement discuter de la partie salariale lors de l&rsquo;entretien au cours du processus d&#8217;embauche. Outre le salaire, nous facturons des frais mensuels.  <\/p>\n\n<p>En outre, vous travaillerez directement avec le d\u00e9veloppeur, sans interm\u00e9diaire, afin de garantir une communication fluide.<\/p>\n\n<h3 class=\"wp-block-heading\"><strong>Pourquoi nous choisir ?<\/strong><\/h3>\n\n<ol class=\"wp-block-list\">\n<li><strong>Un vivier de talents exceptionnel<\/strong><br\/>L&rsquo;Inde abrite certains des professionnels du logiciel les plus talentueux au monde. Nous s\u00e9lectionnons des experts poss\u00e9dant les comp\u00e9tences, l&rsquo;exp\u00e9rience et l&rsquo;\u00e9tat d&rsquo;esprit ad\u00e9quats pour r\u00e9pondre aux besoins sp\u00e9cifiques de votre projet. <\/li>\n\n\n\n<li><strong>Des solutions rentables<\/strong><br\/>Nous offrons des services informatiques de classe mondiale \u00e0 des prix comp\u00e9titifs, vous aidant \u00e0 maximiser votre retour sur investissement sans compromettre la qualit\u00e9.<\/li>\n\n\n\n<li><strong>Approche centr\u00e9e sur le client<\/strong><br\/>Notre priorit\u00e9 est de comprendre les besoins uniques de votre entreprise. Nous travaillons comme une extension de votre \u00e9quipe, garantissant une collaboration sans faille et une livraison r\u00e9ussie du projet. <\/li>\n\n\n\n<li><strong>Focus sur l&rsquo;Allemagne<\/strong><br\/>Gr\u00e2ce \u00e0 notre connaissance approfondie du march\u00e9 et de la culture du travail en Allemagne, nous sommes bien \u00e9quip\u00e9s pour fournir des solutions de recrutement en informatique adapt\u00e9es aux besoins de votre r\u00e9gion.<\/li>\n\n\n\n<li><strong>Une client\u00e8le mondiale<\/strong><br\/>Nos clients sont de plus en plus nombreux \u00e0 venir d&rsquo;ailleurs. Nous avons commenc\u00e9 \u00e0 servir des clients des \u00c9tats-Unis, de Belgique, de Su\u00e8de et de Suisse, ce qui nous permet d&rsquo;\u00e9tendre notre port\u00e9e et de fournir des solutions de qualit\u00e9 \u00e0 l&rsquo;\u00e9chelle mondiale. <\/li>\n<\/ol>\n\n<h3 class=\"wp-block-heading\"><strong>Nos services<\/strong><\/h3>\n\n<ul class=\"wp-block-list\">\n<li><strong>D\u00e9veloppeurs de logiciels d\u00e9di\u00e9s<\/strong><strong><br\/><\/strong> Que vous ayez besoin de d\u00e9veloppeurs web, d&rsquo;experts en applications mobiles ou d&rsquo;ing\u00e9nieurs backend, nous mettons \u00e0 votre disposition des professionnels qui s&rsquo;int\u00e8grent parfaitement \u00e0 votre \u00e9quipe.<br\/><\/li>\n\n\n\n<li><strong>Augmentation du personnel informatique<\/strong><strong><br\/><\/strong> D\u00e9veloppez votre \u00e9quipe sans effort gr\u00e2ce \u00e0 nos solutions de recrutement.<\/li>\n<\/ul>\n\n<h3 class=\"wp-block-heading\"><strong>Nos clients<\/strong><\/h3>\n\n<p>La plupart de nos clients sont des agences de d\u00e9veloppement web, des fournisseurs de services informatiques et des fabricants de logiciels.<\/p>\n\n<p>Voici un petit portefeuille de nos clients :<\/p>\n<div class=\"wp-block-image\">\n<figure class=\"aligncenter size-full\"><img loading=\"lazy\" decoding=\"async\" width=\"400\" height=\"250\" src=\"https:\/\/www.software-developer-india.com\/wp-content\/uploads\/2024\/12\/5667.jpg\" alt=\"\" class=\"wp-image-37597\" srcset=\"https:\/\/www.software-developer-india.com\/wp-content\/uploads\/2024\/12\/5667.jpg 400w, https:\/\/www.software-developer-india.com\/wp-content\/uploads\/2024\/12\/5667-300x188.jpg 300w\" sizes=\"auto, (max-width: 400px) 100vw, 400px\" \/><\/figure>\n<\/div>\n<div style=\"height:25px\" aria-hidden=\"true\" class=\"wp-block-spacer\"><\/div>\n\n<h3 class=\"wp-block-heading\"><strong>Notre mission<\/strong><\/h3>\n\n<p>Renforcer les entreprises en Allemagne, et de plus en plus dans le monde entier, en les mettant en contact avec des talents informatiques indiens exceptionnels, en encourageant l&rsquo;innovation et en \u00e9tablissant des partenariats \u00e0 long terme.<\/p>\n\n<h3 class=\"wp-block-heading\"><strong>Construisons l&rsquo;avenir ensemble<\/strong><\/h3>\n\n<p>Chez Software Developer India, nous pensons qu&rsquo;une technologie de pointe commence par des personnes de qualit\u00e9. Laissez-nous vous aider \u00e0 trouver les bons experts pour donner vie \u00e0 votre vision. <\/p>\n\n<p>Connectez-vous avec nous via le formulaire de calendrier ci-dessous.<\/p>\n\n<!-- Calendly Inline-Widget Beginn -->\n<div class=\"calendly-inline-widget\" data-url=\"https:\/\/calendly.com\/yuhiro\/30_min\" style=\"min-width:320px;height:700px;\"><\/div>\n<script type=\"text\/javascript\" src=\"https:\/\/assets.calendly.com\/assets\/external\/widget.js\" async=\"\"><\/script>\n<!-- Calendly Inline-Widget Ende -->\n\n<p><\/p>\n<div class=\"shariff\"><ul class=\"shariff-buttons theme-default orientation-horizontal buttonsize-medium\"><li class=\"shariff-button twitter shariff-nocustomcolor\" style=\"background-color:#595959\"><a href=\"https:\/\/twitter.com\/share?url=https%3A%2F%2Fwww.software-developer-india.com%2Ffr%2Fa-propos-de%2F&text=A%20propos%20de%20nous\" title=\"Envoyer par X\" aria-label=\"Envoyer par X\" role=\"button\" rel=\"noopener nofollow\" class=\"shariff-link\" style=\"; background-color:#000; color:#fff\" target=\"_blank\"><span class=\"shariff-icon\" style=\"\"><svg width=\"32px\" height=\"20px\" xmlns=\"http:\/\/www.w3.org\/2000\/svg\" viewBox=\"0 0 24 24\"><path fill=\"#000\" d=\"M14.258 10.152L23.176 0h-2.113l-7.747 8.813L7.133 0H0l9.352 13.328L0 23.973h2.113l8.176-9.309 6.531 9.309h7.133zm-2.895 3.293l-.949-1.328L2.875 1.56h3.246l6.086 8.523.945 1.328 7.91 11.078h-3.246zm0 0\"\/><\/svg><\/span><span class=\"shariff-text\">partager<\/span>&nbsp;<\/a><\/li><li class=\"shariff-button facebook shariff-nocustomcolor\" style=\"background-color:#4273c8\"><a href=\"https:\/\/www.facebook.com\/sharer\/sharer.php?u=https%3A%2F%2Fwww.software-developer-india.com%2Ffr%2Fa-propos-de%2F\" title=\"Envoyer par Facebook\" aria-label=\"Envoyer par Facebook\" role=\"button\" rel=\"nofollow\" class=\"shariff-link\" style=\"; background-color:#3b5998; color:#fff\" target=\"_blank\"><span class=\"shariff-icon\" style=\"\"><svg width=\"32px\" height=\"20px\" xmlns=\"http:\/\/www.w3.org\/2000\/svg\" viewBox=\"0 0 18 32\"><path fill=\"#3b5998\" d=\"M17.1 0.2v4.7h-2.8q-1.5 0-2.1 0.6t-0.5 1.9v3.4h5.2l-0.7 5.3h-4.5v13.6h-5.5v-13.6h-4.5v-5.3h4.5v-3.9q0-3.3 1.9-5.2t5-1.8q2.6 0 4.1 0.2z\"\/><\/svg><\/span><span class=\"shariff-text\">partager<\/span>&nbsp;<\/a><\/li><li class=\"shariff-button linkedin shariff-nocustomcolor\" style=\"background-color:#1488bf\"><a href=\"https:\/\/www.linkedin.com\/sharing\/share-offsite\/?url=https%3A%2F%2Fwww.software-developer-india.com%2Ffr%2Fa-propos-de%2F\" title=\"Envoyer par LinkedIn\" aria-label=\"Envoyer par LinkedIn\" role=\"button\" rel=\"noopener nofollow\" class=\"shariff-link\" style=\"; background-color:#0077b5; color:#fff\" target=\"_blank\"><span class=\"shariff-icon\" style=\"\"><svg width=\"32px\" height=\"20px\" xmlns=\"http:\/\/www.w3.org\/2000\/svg\" viewBox=\"0 0 27 32\"><path fill=\"#0077b5\" d=\"M6.2 11.2v17.7h-5.9v-17.7h5.9zM6.6 5.7q0 1.3-0.9 2.2t-2.4 0.9h0q-1.5 0-2.4-0.9t-0.9-2.2 0.9-2.2 2.4-0.9 2.4 0.9 0.9 2.2zM27.4 18.7v10.1h-5.9v-9.5q0-1.9-0.7-2.9t-2.3-1.1q-1.1 0-1.9 0.6t-1.2 1.5q-0.2 0.5-0.2 1.4v9.9h-5.9q0-7.1 0-11.6t0-5.3l0-0.9h5.9v2.6h0q0.4-0.6 0.7-1t1-0.9 1.6-0.8 2-0.3q3 0 4.9 2t1.9 6z\"\/><\/svg><\/span><span class=\"shariff-text\">partager<\/span>&nbsp;<\/a><\/li><li class=\"shariff-button xing shariff-nocustomcolor\" style=\"background-color:#29888a\"><a href=\"https:\/\/www.xing.com\/spi\/shares\/new?url=https%3A%2F%2Fwww.software-developer-india.com%2Ffr%2Fa-propos-de%2F\" title=\"Envoyer par XING\" aria-label=\"Envoyer par XING\" role=\"button\" rel=\"noopener nofollow\" class=\"shariff-link\" style=\"; background-color:#126567; color:#fff\" target=\"_blank\"><span class=\"shariff-icon\" style=\"\"><svg width=\"32px\" height=\"20px\" xmlns=\"http:\/\/www.w3.org\/2000\/svg\" viewBox=\"0 0 25 32\"><path fill=\"#126567\" d=\"M10.7 11.9q-0.2 0.3-4.6 8.2-0.5 0.8-1.2 0.8h-4.3q-0.4 0-0.5-0.3t0-0.6l4.5-8q0 0 0 0l-2.9-5q-0.2-0.4 0-0.7 0.2-0.3 0.5-0.3h4.3q0.7 0 1.2 0.8zM25.1 0.4q0.2 0.3 0 0.7l-9.4 16.7 6 11q0.2 0.4 0 0.6-0.2 0.3-0.6 0.3h-4.3q-0.7 0-1.2-0.8l-6-11.1q0.3-0.6 9.5-16.8 0.4-0.8 1.2-0.8h4.3q0.4 0 0.5 0.3z\"\/><\/svg><\/span><span class=\"shariff-text\">partager<\/span>&nbsp;<\/a><\/li><\/ul><\/div>","protected":false},"excerpt":{"rendered":"<p>Bienvenue chez Software Developer India, votre partenaire de confiance pour le recrutement de personnel informatique et les solutions de d\u00e9veloppement de logiciels. Bas\u00e9s en Inde, &#8230; <a title=\"A propos de nous\" class=\"read-more\" href=\"https:\/\/www.software-developer-india.com\/fr\/a-propos-de\/\" aria-label=\"En savoir plus sur A propos de nous\">Lire plus<\/a><\/p>\n","protected":false},"author":1,"featured_media":0,"parent":0,"menu_order":0,"comment_status":"closed","ping_status":"closed","template":"","meta":{"om_disable_all_campaigns":false,"_monsterinsights_skip_tracking":false,"_monsterinsights_sitenote_active":false,"_monsterinsights_sitenote_note":"","_monsterinsights_sitenote_category":0,"footnotes":""},"class_list":["post-37617","page","type-page","status-publish"],"aioseo_notices":[],"_links":{"self":[{"href":"https:\/\/www.software-developer-india.com\/fr\/wp-json\/wp\/v2\/pages\/37617","targetHints":{"allow":["GET"]}}],"collection":[{"href":"https:\/\/www.software-developer-india.com\/fr\/wp-json\/wp\/v2\/pages"}],"about":[{"href":"https:\/\/www.software-developer-india.com\/fr\/wp-json\/wp\/v2\/types\/page"}],"author":[{"embeddable":true,"href":"https:\/\/www.software-developer-india.com\/fr\/wp-json\/wp\/v2\/users\/1"}],"replies":[{"embeddable":true,"href":"https:\/\/www.software-developer-india.com\/fr\/wp-json\/wp\/v2\/comments?post=37617"}],"version-history":[{"count":2,"href":"https:\/\/www.software-developer-india.com\/fr\/wp-json\/wp\/v2\/pages\/37617\/revisions"}],"predecessor-version":[{"id":37644,"href":"https:\/\/www.software-developer-india.com\/fr\/wp-json\/wp\/v2\/pages\/37617\/revisions\/37644"}],"wp:attachment":[{"href":"https:\/\/www.software-developer-india.com\/fr\/wp-json\/wp\/v2\/media?parent=37617"}],"curies":[{"name":"wp","href":"https:\/\/api.w.org\/{rel}","templated":true}]}}