{"id":34582,"date":"2024-05-22T16:53:32","date_gmt":"2024-05-22T14:53:32","guid":{"rendered":"https:\/\/www.software-developer-india.com\/home\/"},"modified":"2024-12-30T11:22:33","modified_gmt":"2024-12-30T09:22:33","slug":"home","status":"publish","type":"page","link":"https:\/\/www.software-developer-india.com\/no\/","title":{"rendered":"Home"},"content":{"rendered":"<div class=\"gb-container gb-container-1385a249\" id=\"contact\">\n<div class=\"gb-container gb-container-b6fb75a6\">\n<div class=\"gb-grid-wrapper gb-grid-wrapper-b3bc1146\">\n<div class=\"gb-grid-column gb-grid-column-91b7f5f2\"><div class=\"gb-container gb-container-91b7f5f2\">\n\n<h3 class=\"gb-headline gb-headline-68de9e54 gb-headline-text\"><strong>Er du p\u00e5 utkikk etter IT-eksperter?<\/strong><\/h3>\n\n\n\n<p style=\"font-size:15px\">Enten det gjelder PHP, .NET, Android, iOS eller hybrid, er sjansen stor for at vi har den rette utvikleren for deg<\/p>\n\n\n\n<ul class=\"wp-block-list\">\n<li style=\"font-size:15px\">Kundesentrert<\/li>\n\n\n\n<li style=\"font-size:15px\">20 til 55 % kostnadsbesparelser<\/li>\n\n\n\n<li style=\"font-size:15px\">Flotte utviklere<\/li>\n<\/ul>\n\n\n\n<div class=\"wp-block-buttons is-layout-flex wp-block-buttons-is-layout-flex\">\n<div class=\"wp-block-button has-custom-font-size\" style=\"font-size:16px\"><a class=\"wp-block-button__link wp-element-button\" href=\"https:\/\/www.yuhiro-global.com\/57378\">Se forklaringsvideoen<\/a><\/div>\n<\/div>\n\n<\/div><\/div>\n\n<div class=\"gb-grid-column gb-grid-column-0449fe42\"><div class=\"gb-container gb-container-0449fe42\">\n\n<figure class=\"gb-block-image gb-block-image-b090a6c1\"><img loading=\"lazy\" decoding=\"async\" width=\"476\" height=\"287\" class=\"gb-image gb-image-b090a6c1\" src=\"https:\/\/www.software-developer-india.com\/wp-content\/uploads\/2024\/05\/65432.jpg\" alt=\"\" title=\"65432\" srcset=\"https:\/\/www.software-developer-india.com\/wp-content\/uploads\/2024\/05\/65432.jpg 476w, https:\/\/www.software-developer-india.com\/wp-content\/uploads\/2024\/05\/65432-300x181.jpg 300w\" sizes=\"auto, (max-width: 476px) 100vw, 476px\" \/><\/figure>\n\n<\/div><\/div>\n<\/div>\n<\/div>\n<\/div><div class=\"gb-container gb-container-b96983e3\" id=\"contact\">\n<div class=\"gb-container gb-container-b2d84811\">\n<div class=\"gb-container gb-container-6a9cd9ad\">\n\n<h3 class=\"wp-block-heading has-text-align-center has-text-color has-link-color wp-elements-84babc28c4e1a73d1cd4303a46efd0e8\" style=\"color:#888888;font-size:20px\"><strong>Hvem er du?<\/strong><\/h3>\n\n<\/div>\n\n<div class=\"gb-container gb-container-c0143fcd\">\n\n<div class=\"wp-block-columns is-layout-flex wp-container-core-columns-is-layout-9d6595d7 wp-block-columns-is-layout-flex\">\n<div class=\"wp-block-column is-layout-flow wp-block-column-is-layout-flow\">\n<h3 class=\"wp-block-heading has-text-align-center has-contrast-color has-text-color has-link-color wp-elements-04735e271c4d9a3bcb0d09f80a40a42b\" style=\"font-size:20px\"><strong>Jeg er en&#8230; IT-selskap<\/strong><\/h3>\n\n\n\n<p class=\"has-text-align-center\" style=\"font-size:15px\">Vi trenger gode tekniske eksperter som kan st\u00f8tte oss i det daglige arbeidet, og som jobber tett sammen med teamet v\u00e5rt.<\/p>\n<\/div>\n\n\n\n<div class=\"wp-block-column is-layout-flow wp-block-column-is-layout-flow\">\n<h3 class=\"wp-block-heading has-text-align-center\" style=\"font-size:20px\"><strong>Jeg er en&#8230; Byr\u00e5<\/strong><\/h3>\n\n\n\n<p class=\"has-text-align-center\" style=\"font-size:15px\">Vi skaper kvalitetsl\u00f8sninger for kundene v\u00e5re, men for \u00f8yeblikket mangler vi personellressurser til \u00e5 gjennomf\u00f8re disse prosjektene p\u00e5 en vellykket m\u00e5te.<\/p>\n<\/div>\n\n\n\n<div class=\"wp-block-column is-layout-flow wp-block-column-is-layout-flow\">\n<h3 class=\"wp-block-heading has-text-align-center\" style=\"font-size:20px\"><strong>Jeg er en&#8230; IT-avdelingen<\/strong><\/h3>\n\n\n\n<p class=\"has-text-align-center\" style=\"font-size:15px\">Vi \u00f8nsker \u00e5 tilby gode programvarel\u00f8sninger til v\u00e5re interne kunder. Til disse oppgavene trenger vi dyktige programvareutviklere.<\/p>\n<\/div>\n<\/div>\n\n<\/div>\n<\/div>\n<\/div><div class=\"gb-container gb-container-e235f53f\" id=\"contact\">\n<div class=\"gb-container gb-container-9df64555\">\n<div class=\"gb-container gb-container-20792c17\">\n\n<h3 class=\"wp-block-heading has-text-align-center has-contrast-color has-text-color has-link-color wp-elements-10eef0a6425b6a50ca79339ff4c0b888\" style=\"font-size:20px\"><strong>Hvordan vi hjelper selskaper over hele verden med \u00e5 ansette programvareutviklere i India<\/strong><\/h3>\n\n<\/div>\n\n<div class=\"gb-container gb-container-be9e027f\">\n\n<div class=\"wp-block-columns is-layout-flex wp-container-core-columns-is-layout-9d6595d7 wp-block-columns-is-layout-flex\">\n<div class=\"wp-block-column is-layout-flow wp-block-column-is-layout-flow\">\n<p class=\"has-text-align-center\" style=\"font-size:15px\">\u00c5 ansette dyktige programvareutviklere i India har blitt et strategisk valg for bedrifter over hele verden. India tilbyr en stor talentpool med h\u00f8yt kvalifiserte fagfolk, kostnadseffektive l\u00f8sninger og et blomstrende IT-\u00f8kosystem. Hos Software Developer India spesialiserer vi oss p\u00e5 \u00e5 hjelpe selskaper fra Tyskland\/ USA og andre deler av verden med \u00e5 ansette programvareutviklere i India. Her er hvordan vi gj\u00f8r det:   <\/p>\n\n\n\n<h3 class=\"wp-block-heading has-text-align-center has-medium-font-size\"><strong>Forst\u00e5 kravene dine<\/strong><\/h3>\n\n\n\n<p style=\"font-size:15px\">Det f\u00f8rste trinnet i ansettelsesprosessen er \u00e5 forst\u00e5 dine spesifikke behov. Vi samarbeider tett med teamet ditt for \u00e5 identifisere: <\/p>\n\n\n\n<ul class=\"wp-block-list\">\n<li style=\"font-size:15px\"><strong>Prosjektets omfang:<\/strong> Hva er prosjektets art og varighet?<\/li>\n\n\n\n<li style=\"font-size:15px\"><strong>Tekniske ferdigheter:<\/strong> Hvilke spesifikke programmeringsspr\u00e5k, rammeverk eller verkt\u00f8y trenger du?<\/li>\n\n\n\n<li style=\"font-size:15px\"><strong>Sammensetning av teamet:<\/strong> Er du p\u00e5 utkikk etter individuelle utviklere eller et helt team?<\/li>\n\n\n\n<li style=\"font-size:15px\"><strong>Budsjettbegrensninger:<\/strong> Hva er budsjettet ditt for ansettelser?<\/li>\n\n\n\n<li style=\"font-size:15px\"><strong>Tidslinje:<\/strong> N\u00e5r trenger du at utviklerne begynner?<\/li>\n<\/ul>\n\n\n\n<p style=\"font-size:15px\">V\u00e5rt team av eksperter s\u00f8rger for at vi tilpasser innsatsen v\u00e5r til dine forretningsm\u00e5l, slik at du f\u00e5r en s\u00f8ml\u00f8s og effektiv ansettelsesprosess.<\/p>\n\n\n\n<h3 class=\"wp-block-heading has-text-align-center has-medium-font-size\"><strong>Tilgang til en stor talentpool<\/strong><\/h3>\n\n\n\n<p style=\"font-size:15px\">India er hjemsted for en av de st\u00f8rste poolene av programvareutviklere i verden. Vi utnytter v\u00e5rt omfattende nettverk og partnerskap for \u00e5 f\u00e5 tilgang til denne talentpoolen. Dette inkluderer  <\/p>\n\n\n\n<ul class=\"wp-block-list\">\n<li style=\"font-size:15px\"><strong>Erfarne fagfolk:<\/strong> Utviklere med mange \u00e5rs erfaring fra ulike bransjer.<\/li>\n\n\n\n<li style=\"font-size:15px\"><strong>Ferske talenter:<\/strong> Nyutdannede fra de beste indiske ingeni\u00f8rh\u00f8yskolene.<\/li>\n\n\n\n<li style=\"font-size:15px\"><strong>Spesialiserte ferdighetssett:<\/strong> Eksperter p\u00e5 nye teknologier som kunstig intelligens, maskinl\u00e6ring, blokkjeder og cloud computing.<\/li>\n<\/ul>\n\n\n\n<p style=\"font-size:15px\">Ved \u00e5 finne kandidater fra ulike regioner og med ulik bakgrunn sikrer vi at du f\u00e5r den kandidaten som passer best til dine behov.<\/p>\n\n\n\n<h3 class=\"wp-block-heading has-text-align-center has-medium-font-size\"><strong>Str\u00f8mlinjeformet rekrutteringsprosess<\/strong><\/h3>\n\n\n\n<p style=\"font-size:15px\">Rekrutteringsprosessen v\u00e5r er utformet for \u00e5 spare deg for tid og krefter, samtidig som vi sikrer ansettelser av h\u00f8y kvalitet. Slik fungerer den: <\/p>\n\n\n\n<ol class=\"wp-block-list\">\n<li style=\"font-size:15px\"><strong>Sourcing av kandidater:<\/strong> Vi bruker flere kanaler, inkludert jobbportaler, sosiale medier og profesjonelle nettverk, for \u00e5 identifisere potensielle kandidater.<\/li>\n\n\n\n<li style=\"font-size:15px\"><strong>Screening:<\/strong> Teamet v\u00e5rt gjennomf\u00f8rer en innledende screening for \u00e5 vurdere tekniske ferdigheter, erfaring og kulturell tilpasning.<\/li>\n\n\n\n<li style=\"font-size:15px\"><strong>Intervjuer:<\/strong> Vi arrangerer intervjuer med de utvalgte kandidatene, slik at du kan vurdere deres evner med egne \u00f8yne.<\/li>\n\n\n\n<li style=\"font-size:15px\"><strong>Tekniske vurderinger:<\/strong> Den tekniske vurderingen b\u00f8r gj\u00f8res fra din side (av en utvikler fra din side, eller av deg, hvis du kan koding) for roller som krever avanserte ferdigheter og probleml\u00f8sningsutfordringer i den virkelige verden. Slik kan du finne kodere som passer til teamets profil og krav. <\/li>\n\n\n\n<li style=\"font-size:15px\"><strong>Referansesjekk:<\/strong> Ved behov sjekker vi kandidatenes referanser og tidligere arbeidserfaring for \u00e5 sikre at de er autentiske.<\/li>\n<\/ol>\n\n\n\n<p style=\"font-size:15px\">V\u00e5r transparente og systematiske tiln\u00e6rming garanterer at bare de best kvalifiserte kandidatene n\u00e5r sluttfasen.<\/p>\n\n\n\n<h3 class=\"wp-block-heading has-text-align-center has-medium-font-size\"><strong>Ansettelsesmodell<\/strong><\/h3>\n\n\n\n<p style=\"font-size:15px\">Vi tilbyr f\u00f8lgende ansettelsesmodell:<\/p>\n\n\n\n<ul class=\"wp-block-list\">\n<li style=\"font-size:15px\"><strong>Dedikerte utviklere:<\/strong> Ansett utviklere p\u00e5 heltid som jobber utelukkende med prosjektene dine.<\/li>\n\n\n\n<li style=\"font-size:15px\"><strong>Teamforsterkning:<\/strong> Legg til dyktige utviklere i det eksisterende teamet ditt for \u00e5 fremskynde prosjektets tidslinjer.<\/li>\n\n\n\n<li style=\"font-size:15px\"><strong>Et team av utviklere:<\/strong> Trenger du mer enn \u00e9n koder? Vi kan hjelpe deg med \u00e5 ansette flere utviklere i India. <\/li>\n<\/ul>\n\n\n\n<p style=\"font-size:15px\">Utvikleren vil st\u00e5 p\u00e5 v\u00e5r l\u00f8nningsliste i India, men vil utelukkende jobbe med dine IT-prosjekter.<\/p>\n\n\n\n<p style=\"font-size:15px\">Disse modellene gir deg fleksibilitet til \u00e5 skalere opp teamet ditt basert p\u00e5 prosjektets behov.<\/p>\n\n\n\n<h3 class=\"wp-block-heading has-text-align-center has-medium-font-size\"><strong>Fokus p\u00e5 kvalitet og kulturell tilpasning<\/strong><\/h3>\n\n\n\n<p style=\"font-size:15px\">Vi prioriterer kvalitet og kulturtilpasning i ansettelsesprosessen. V\u00e5re utviklere har ikke bare sterke tekniske ferdigheter, men ogs\u00e5: <\/p>\n\n\n\n<ul class=\"wp-block-list\">\n<li style=\"font-size:15px\"><strong>Effektiv kommunikasjon:<\/strong> Gode engelskkunnskaper og evne til \u00e5 samarbeide med internasjonale team. Spesielt for den f\u00f8rste personen som skal ansettes, er det viktig med gode kommunikasjonsevner. <\/li>\n\n\n\n<li style=\"font-size:15px\"><strong>Tilpasningsevne:<\/strong> Villighet til \u00e5 forst\u00e5 og tilpasse seg bedriftens kultur og arbeidspraksis.<\/li>\n\n\n\n<li style=\"font-size:15px\"><strong>Probleml\u00f8sningsferdigheter:<\/strong> Evnen til \u00e5 tenke kritisk og komme med innovative l\u00f8sninger.<\/li>\n<\/ul>\n\n\n\n<p style=\"font-size:15px\">Ved \u00e5 sikre en god kulturell match bidrar vi til \u00e5 skape langsiktige og produktive relasjoner mellom bedriften din og de innleide utviklerne.<\/p>\n\n\n\n<h3 class=\"wp-block-heading has-text-align-center has-medium-font-size\"><strong>Kostnadseffektive l\u00f8sninger<\/strong><\/h3>\n\n\n\n<p style=\"font-size:15px\">\u00c5 ansette programvareutviklere i India gir betydelige kostnadsfordeler uten \u00e5 g\u00e5 p\u00e5 kompromiss med kvaliteten. Vi hjelper deg med \u00e5 oppn\u00e5 dette ved \u00e5: <\/p>\n\n\n\n<ul class=\"wp-block-list\">\n<li style=\"font-size:15px\"><strong>\u00c5pen prissetting:<\/strong> Tydelige og konkurransedyktige prismodeller uten skjulte kostnader.<\/li>\n\n\n\n<li style=\"font-size:15px\"><strong>Effektiv ressursallokering:<\/strong> Matching av de rette talentene til dine spesifikke behov, slik at du unng\u00e5r un\u00f8dvendige overheadkostnader.<\/li>\n\n\n\n<li style=\"font-size:15px\"><strong>Redusert administrativ byrde:<\/strong> Vi h\u00e5ndterer l\u00f8nn, compliance og andre administrative oppgaver, slik at du kan fokusere p\u00e5 kjernevirksomheten din.<\/li>\n<\/ul>\n\n\n\n<p style=\"font-size:15px\">V\u00e5re kostnadseffektive l\u00f8sninger gj\u00f8r det mulig for deg \u00e5 maksimere avkastningen p\u00e5 investeringen (ROI) samtidig som du opprettholder en h\u00f8y standard.<\/p>\n\n\n\n<h3 class=\"wp-block-heading has-text-align-center has-medium-font-size\"><strong>L\u00f8pende st\u00f8tte og administrasjon<\/strong><\/h3>\n\n\n\n<p class=\"has-text-align-left\" style=\"font-size:15px\">Tjenestene v\u00e5re slutter ikke med ansettelsesprosessen. Vi gir l\u00f8pende st\u00f8tte for \u00e5 sikre et smidig samarbeid mellom deg og utviklerne dine, og vi tar raskt tak i eventuelle problemer for \u00e5 opprettholde et positivt arbeidsforhold. <\/p>\n\n\n\n<h3 class=\"wp-block-heading has-text-align-center has-medium-font-size\"><strong>Hvorfor velge programvareutvikler India?<\/strong><\/h3>\n\n\n\n<p style=\"font-size:15px\">Et samarbeid med oss gir flere fordeler:<\/p>\n\n\n\n<ul class=\"wp-block-list\">\n<li style=\"font-size:15px\"><strong>Bransjeekspertise:<\/strong> Mange \u00e5rs erfaring innen IT-bemanning og talentutvikling.<\/li>\n\n\n\n<li style=\"font-size:15px\"><strong>Lokal tilstedev\u00e6relse:<\/strong> En dyp forst\u00e5else av det indiske markedet og tilgang til de beste talentene.<\/li>\n\n\n\n<li style=\"font-size:15px\"><strong>Skreddersydde l\u00f8sninger:<\/strong> Skreddersydde ansettelsesstrategier for \u00e5 dekke dine unike behov.<\/li>\n\n\n\n<li style=\"font-size:15px\"><strong>Dokumenterte resultater:<\/strong> En historie med vellykkede plasseringer og forn\u00f8yde kunder.<\/li>\n<\/ul>\n\n\n\n<p style=\"font-size:15px\">V\u00e5r forpliktelse til \u00e5 v\u00e6re dyktige gj\u00f8r oss til en p\u00e5litelig partner for selskaper som \u00f8nsker \u00e5 ansette programvareutviklere i India.<\/p>\n\n\n\n<h3 class=\"wp-block-heading has-text-align-center has-medium-font-size\"><strong>Kom i gang i dag<\/strong><\/h3>\n\n\n\n<p style=\"font-size:15px\">\u00c5 ansette programvareutviklere i India kan v\u00e6re en game-changer for bedriften din. Hos Software Developer India forenkler vi prosessen ved \u00e5 tilby deg de beste talentene, fleksible l\u00f8sninger og l\u00f8pende st\u00f8tte. Enten du er en oppstartsbedrift p\u00e5 jakt etter kostnadseffektiv utvikling eller et etablert selskap som \u00f8nsker \u00e5 utvide teamet sitt, er vi her for \u00e5 hjelpe deg.  <\/p>\n\n\n\n<p style=\"font-size:15px\">Kontakt oss i dag for \u00e5 l\u00e6re mer om hvordan vi kan hjelpe deg med \u00e5 ansette programvareutviklere i India. La oss bygge ditt dr\u00f8mmeteam sammen! <\/p>\n\n\n\n<p style=\"font-size:18px\">Vennligst bruk skjemaet p\u00e5 kontaktsiden. Eller bruk kalenderen nedenfor for \u00e5 bestille time. <\/p>\n\n\n\n<!-- Calendly Inline-Widget Beginn -->\n<div class=\"calendly-inline-widget\" data-url=\"https:\/\/calendly.com\/yuhiro\/30_min?hide_event_type_details=1&#038;hide_gdpr_banner=1\" style=\"min-width:320px;height:700px;\"><\/div>\n<script type=\"text\/javascript\" src=\"https:\/\/assets.calendly.com\/assets\/external\/widget.js\" async=\"\"><\/script>\n<!-- Calendly Inline-Widget Ende -->\n<\/div>\n<\/div>\n\n<\/div>\n<\/div>\n<\/div><div class=\"gb-container gb-container-15c8ba77\">\n<div class=\"gb-container gb-container-3bdf2a68\">\n<div class=\"gb-container gb-container-a20ea437\">\n\n<h3 class=\"gb-headline gb-headline-7bee114d gb-headline-text\">Siste nytt<\/h3>\n\n\n\n<div class=\"gb-grid-wrapper gb-grid-wrapper-cd6ef286 gb-query-loop-wrapper\">\n<div class=\"gb-grid-column gb-grid-column-97f899be gb-query-loop-item post-28967 post type-post status-publish format-standard has-post-thumbnail hentry category-den category-programvareutvikler category-utvikling\"><div class=\"gb-container gb-container-97f899be\">\n<figure class=\"gb-block-image gb-block-image-fb4b2e5b\"><img loading=\"lazy\" decoding=\"async\" width=\"575\" height=\"250\" src=\"https:\/\/www.software-developer-india.com\/wp-content\/uploads\/2023\/05\/graduate.jpg\" class=\"gb-image-fb4b2e5b\" alt=\"\" srcset=\"https:\/\/www.software-developer-india.com\/wp-content\/uploads\/2023\/05\/graduate.jpg 575w, https:\/\/www.software-developer-india.com\/wp-content\/uploads\/2023\/05\/graduate-300x130.jpg 300w\" sizes=\"auto, (max-width: 575px) 100vw, 575px\" \/><\/figure>\n\n<h3 class=\"gb-headline gb-headline-35165ea3 gb-headline-text\"><a href=\"https:\/\/www.software-developer-india.com\/no\/hvordan-trene-universitetsutdannede-til-a-bli-programvareutviklere\/\">Hvordan trene universitetsutdannede til \u00e5 bli programvareutviklere?<\/a><\/h3>\n\n<p class=\"gb-headline gb-headline-5cd408b4 gb-headline-text\"><time class=\"entry-date published\" datetime=\"2026-04-16T10:18:34+02:00\">16. april 2026<\/time><\/p>\n<\/div><\/div>\n\n<div class=\"gb-grid-column gb-grid-column-97f899be gb-query-loop-item post-28925 post type-post status-publish format-standard has-post-thumbnail hentry category-den category-utkontraktering\"><div class=\"gb-container gb-container-97f899be\">\n<figure class=\"gb-block-image gb-block-image-fb4b2e5b\"><img loading=\"lazy\" decoding=\"async\" width=\"575\" height=\"250\" src=\"https:\/\/www.software-developer-india.com\/wp-content\/uploads\/2023\/05\/onshore.jpg\" class=\"gb-image-fb4b2e5b\" alt=\"\" srcset=\"https:\/\/www.software-developer-india.com\/wp-content\/uploads\/2023\/05\/onshore.jpg 575w, https:\/\/www.software-developer-india.com\/wp-content\/uploads\/2023\/05\/onshore-300x130.jpg 300w\" sizes=\"auto, (max-width: 575px) 100vw, 575px\" \/><\/figure>\n\n<h3 class=\"gb-headline gb-headline-35165ea3 gb-headline-text\"><a href=\"https:\/\/www.software-developer-india.com\/no\/hva-er-onshore-outsourcing\/\">Hva er onshore outsourcing?<\/a><\/h3>\n\n<p class=\"gb-headline gb-headline-5cd408b4 gb-headline-text\"><time class=\"entry-date published\" datetime=\"2026-04-09T09:04:26+02:00\">9. april 2026<\/time><\/p>\n<\/div><\/div>\n\n<div class=\"gb-grid-column gb-grid-column-97f899be gb-query-loop-item post-28882 post type-post status-publish format-standard has-post-thumbnail hentry category-programvare-utvikling category-prosjektledelse category-utvikler\"><div class=\"gb-container gb-container-97f899be\">\n<figure class=\"gb-block-image gb-block-image-fb4b2e5b\"><img loading=\"lazy\" decoding=\"async\" width=\"575\" height=\"250\" src=\"https:\/\/www.software-developer-india.com\/wp-content\/uploads\/2023\/05\/project-success.jpg\" class=\"gb-image-fb4b2e5b\" alt=\"\" srcset=\"https:\/\/www.software-developer-india.com\/wp-content\/uploads\/2023\/05\/project-success.jpg 575w, https:\/\/www.software-developer-india.com\/wp-content\/uploads\/2023\/05\/project-success-300x130.jpg 300w\" sizes=\"auto, (max-width: 575px) 100vw, 575px\" \/><\/figure>\n\n<h3 class=\"gb-headline gb-headline-35165ea3 gb-headline-text\"><a href=\"https:\/\/www.software-developer-india.com\/no\/10-grunner-til-at-programvareprosjekter-lykkes\/\">10 grunner til at programvareprosjekter lykkes<\/a><\/h3>\n\n<p class=\"gb-headline gb-headline-5cd408b4 gb-headline-text\"><time class=\"entry-date published\" datetime=\"2026-03-26T03:41:09+02:00\">26. mars 2026<\/time><\/p>\n<\/div><\/div>\n<\/div>\n\n<\/div>\n<\/div>\n\n\n<p><\/p>\n\n<\/div><div class=\"shariff\"><ul class=\"shariff-buttons theme-default orientation-horizontal buttonsize-medium\"><li class=\"shariff-button twitter shariff-nocustomcolor\" style=\"background-color:#595959\"><a href=\"https:\/\/twitter.com\/share?url=https%3A%2F%2Fwww.software-developer-india.com%2Fno%2F&text=Home\" title=\"Share on X\" aria-label=\"Share on X\" role=\"button\" rel=\"noopener nofollow\" class=\"shariff-link\" style=\"; background-color:#000; color:#fff\" target=\"_blank\"><span class=\"shariff-icon\" style=\"\"><svg width=\"32px\" height=\"20px\" xmlns=\"http:\/\/www.w3.org\/2000\/svg\" viewBox=\"0 0 24 24\"><path fill=\"#000\" d=\"M14.258 10.152L23.176 0h-2.113l-7.747 8.813L7.133 0H0l9.352 13.328L0 23.973h2.113l8.176-9.309 6.531 9.309h7.133zm-2.895 3.293l-.949-1.328L2.875 1.56h3.246l6.086 8.523.945 1.328 7.91 11.078h-3.246zm0 0\"\/><\/svg><\/span><span class=\"shariff-text\">share<\/span>&nbsp;<\/a><\/li><li class=\"shariff-button facebook shariff-nocustomcolor\" style=\"background-color:#4273c8\"><a href=\"https:\/\/www.facebook.com\/sharer\/sharer.php?u=https%3A%2F%2Fwww.software-developer-india.com%2Fno%2F\" title=\"Share on Facebook\" aria-label=\"Share on Facebook\" role=\"button\" rel=\"nofollow\" class=\"shariff-link\" style=\"; background-color:#3b5998; color:#fff\" target=\"_blank\"><span class=\"shariff-icon\" style=\"\"><svg width=\"32px\" height=\"20px\" xmlns=\"http:\/\/www.w3.org\/2000\/svg\" viewBox=\"0 0 18 32\"><path fill=\"#3b5998\" d=\"M17.1 0.2v4.7h-2.8q-1.5 0-2.1 0.6t-0.5 1.9v3.4h5.2l-0.7 5.3h-4.5v13.6h-5.5v-13.6h-4.5v-5.3h4.5v-3.9q0-3.3 1.9-5.2t5-1.8q2.6 0 4.1 0.2z\"\/><\/svg><\/span><span class=\"shariff-text\">share<\/span>&nbsp;<\/a><\/li><li class=\"shariff-button linkedin shariff-nocustomcolor\" style=\"background-color:#1488bf\"><a href=\"https:\/\/www.linkedin.com\/sharing\/share-offsite\/?url=https%3A%2F%2Fwww.software-developer-india.com%2Fno%2F\" title=\"Share on LinkedIn\" aria-label=\"Share on LinkedIn\" role=\"button\" rel=\"noopener nofollow\" class=\"shariff-link\" style=\"; background-color:#0077b5; color:#fff\" target=\"_blank\"><span class=\"shariff-icon\" style=\"\"><svg width=\"32px\" height=\"20px\" xmlns=\"http:\/\/www.w3.org\/2000\/svg\" viewBox=\"0 0 27 32\"><path fill=\"#0077b5\" d=\"M6.2 11.2v17.7h-5.9v-17.7h5.9zM6.6 5.7q0 1.3-0.9 2.2t-2.4 0.9h0q-1.5 0-2.4-0.9t-0.9-2.2 0.9-2.2 2.4-0.9 2.4 0.9 0.9 2.2zM27.4 18.7v10.1h-5.9v-9.5q0-1.9-0.7-2.9t-2.3-1.1q-1.1 0-1.9 0.6t-1.2 1.5q-0.2 0.5-0.2 1.4v9.9h-5.9q0-7.1 0-11.6t0-5.3l0-0.9h5.9v2.6h0q0.4-0.6 0.7-1t1-0.9 1.6-0.8 2-0.3q3 0 4.9 2t1.9 6z\"\/><\/svg><\/span><span class=\"shariff-text\">share<\/span>&nbsp;<\/a><\/li><li class=\"shariff-button xing shariff-nocustomcolor\" style=\"background-color:#29888a\"><a href=\"https:\/\/www.xing.com\/spi\/shares\/new?url=https%3A%2F%2Fwww.software-developer-india.com%2Fno%2F\" title=\"Share on XING\" aria-label=\"Share on XING\" role=\"button\" rel=\"noopener nofollow\" class=\"shariff-link\" style=\"; background-color:#126567; color:#fff\" target=\"_blank\"><span class=\"shariff-icon\" style=\"\"><svg width=\"32px\" height=\"20px\" xmlns=\"http:\/\/www.w3.org\/2000\/svg\" viewBox=\"0 0 25 32\"><path fill=\"#126567\" d=\"M10.7 11.9q-0.2 0.3-4.6 8.2-0.5 0.8-1.2 0.8h-4.3q-0.4 0-0.5-0.3t0-0.6l4.5-8q0 0 0 0l-2.9-5q-0.2-0.4 0-0.7 0.2-0.3 0.5-0.3h4.3q0.7 0 1.2 0.8zM25.1 0.4q0.2 0.3 0 0.7l-9.4 16.7 6 11q0.2 0.4 0 0.6-0.2 0.3-0.6 0.3h-4.3q-0.7 0-1.2-0.8l-6-11.1q0.3-0.6 9.5-16.8 0.4-0.8 1.2-0.8h4.3q0.4 0 0.5 0.3z\"\/><\/svg><\/span><span class=\"shariff-text\">share<\/span>&nbsp;<\/a><\/li><\/ul><\/div>","protected":false},"excerpt":{"rendered":"<p>Hvem er du? Jeg er en&#8230; IT-selskap Vi trenger gode tekniske eksperter som kan st\u00f8tte oss i det daglige arbeidet, og som jobber tett sammen &#8230; <a title=\"Home\" class=\"read-more\" href=\"https:\/\/www.software-developer-india.com\/no\/\" aria-label=\"Read more about Home\">Les mer<\/a><\/p>\n","protected":false},"author":1,"featured_media":0,"parent":0,"menu_order":0,"comment_status":"closed","ping_status":"closed","template":"","meta":{"om_disable_all_campaigns":false,"_monsterinsights_skip_tracking":false,"_monsterinsights_sitenote_active":false,"_monsterinsights_sitenote_note":"","_monsterinsights_sitenote_category":0,"footnotes":""},"class_list":["post-34582","page","type-page","status-publish"],"aioseo_notices":[],"_links":{"self":[{"href":"https:\/\/www.software-developer-india.com\/no\/wp-json\/wp\/v2\/pages\/34582","targetHints":{"allow":["GET"]}}],"collection":[{"href":"https:\/\/www.software-developer-india.com\/no\/wp-json\/wp\/v2\/pages"}],"about":[{"href":"https:\/\/www.software-developer-india.com\/no\/wp-json\/wp\/v2\/types\/page"}],"author":[{"embeddable":true,"href":"https:\/\/www.software-developer-india.com\/no\/wp-json\/wp\/v2\/users\/1"}],"replies":[{"embeddable":true,"href":"https:\/\/www.software-developer-india.com\/no\/wp-json\/wp\/v2\/comments?post=34582"}],"version-history":[{"count":4,"href":"https:\/\/www.software-developer-india.com\/no\/wp-json\/wp\/v2\/pages\/34582\/revisions"}],"predecessor-version":[{"id":37507,"href":"https:\/\/www.software-developer-india.com\/no\/wp-json\/wp\/v2\/pages\/34582\/revisions\/37507"}],"wp:attachment":[{"href":"https:\/\/www.software-developer-india.com\/no\/wp-json\/wp\/v2\/media?parent=34582"}],"curies":[{"name":"wp","href":"https:\/\/api.w.org\/{rel}","templated":true}]}}