{"id":16999,"date":"2021-07-01T18:16:16","date_gmt":"2021-07-01T16:16:16","guid":{"rendered":"https:\/\/www.software-developer-india.com\/vision-och-uppdrag\/"},"modified":"2021-07-01T18:16:16","modified_gmt":"2021-07-01T16:16:16","slug":"vision-och-uppdrag","status":"publish","type":"page","link":"https:\/\/www.software-developer-india.com\/sv\/vilka-vi-ar\/vision-och-uppdrag\/","title":{"rendered":"Vision och uppdrag"},"content":{"rendered":"<h1>Syn<\/h1>\n<p>Software Developer India vill bli den valda sourcingpartnern f\u00f6r dedikerade programvaruutvecklare genom att kontinuerligt fokusera p\u00e5 och investera i r\u00e4tt personer, r\u00e4tt system och innovation.<\/p>\n<h1>Uppdrag<\/h1>\n<p>Software Developer India tr\u00e4nar och tillhandah\u00e5ller de b\u00e4sta mjukvaruutvecklarna som hj\u00e4lper v\u00e5ra kunder att skapa mjukvara av h\u00f6g kvalitet. Vi st\u00f6der v\u00e5ra kunder p\u00e5 detta s\u00e4tt f\u00f6r att f\u00f6renkla deras HR-strategi och f\u00f6rb\u00e4ttra deras mjukvaruprojekt.<\/p>\n<p><script>\n  (function(i,s,o,g,r,a,m){i['GoogleAnalyticsObject']=r;i[r]=i[r]||function(){\n  (i[r].q=i[r].q||[]).push(arguments)},i[r].l=1*new Date();a=s.createElement(o),\n  m=s.getElementsByTagName(o)[0];a.async=1;a.src=g;m.parentNode.insertBefore(a,m)\n  })(window,document,'script','\/\/www.google-analytics.com\/analytics.js','ga');<\/p>\n<p>  ga('create', 'UA-40360444-1', 'software-developer-india.com');\n  ga('send', 'pageview');<\/p>\n<p><\/script><\/p>\n<div class=\"shariff\"><ul class=\"shariff-buttons theme-default orientation-horizontal buttonsize-medium\"><li class=\"shariff-button twitter shariff-nocustomcolor\" style=\"background-color:#595959\"><a href=\"https:\/\/twitter.com\/share?url=https%3A%2F%2Fwww.software-developer-india.com%2Fsv%2Fvilka-vi-ar%2Fvision-och-uppdrag%2F&text=Vision%20och%20uppdrag\" title=\"Dela p\u00e5 X\" aria-label=\"Dela p\u00e5 X\" role=\"button\" rel=\"noopener nofollow\" class=\"shariff-link\" style=\"; background-color:#000; color:#fff\" target=\"_blank\"><span class=\"shariff-icon\" style=\"\"><svg width=\"32px\" height=\"20px\" xmlns=\"http:\/\/www.w3.org\/2000\/svg\" viewBox=\"0 0 24 24\"><path fill=\"#000\" d=\"M14.258 10.152L23.176 0h-2.113l-7.747 8.813L7.133 0H0l9.352 13.328L0 23.973h2.113l8.176-9.309 6.531 9.309h7.133zm-2.895 3.293l-.949-1.328L2.875 1.56h3.246l6.086 8.523.945 1.328 7.91 11.078h-3.246zm0 0\"\/><\/svg><\/span><span class=\"shariff-text\">dela<\/span>&nbsp;<\/a><\/li><li class=\"shariff-button facebook shariff-nocustomcolor\" style=\"background-color:#4273c8\"><a href=\"https:\/\/www.facebook.com\/sharer\/sharer.php?u=https%3A%2F%2Fwww.software-developer-india.com%2Fsv%2Fvilka-vi-ar%2Fvision-och-uppdrag%2F\" title=\"Dela p\u00e5 Facebook\" aria-label=\"Dela p\u00e5 Facebook\" role=\"button\" rel=\"nofollow\" class=\"shariff-link\" style=\"; background-color:#3b5998; color:#fff\" target=\"_blank\"><span class=\"shariff-icon\" style=\"\"><svg width=\"32px\" height=\"20px\" xmlns=\"http:\/\/www.w3.org\/2000\/svg\" viewBox=\"0 0 18 32\"><path fill=\"#3b5998\" d=\"M17.1 0.2v4.7h-2.8q-1.5 0-2.1 0.6t-0.5 1.9v3.4h5.2l-0.7 5.3h-4.5v13.6h-5.5v-13.6h-4.5v-5.3h4.5v-3.9q0-3.3 1.9-5.2t5-1.8q2.6 0 4.1 0.2z\"\/><\/svg><\/span><span class=\"shariff-text\">dela<\/span>&nbsp;<\/a><\/li><li class=\"shariff-button linkedin shariff-nocustomcolor\" style=\"background-color:#1488bf\"><a href=\"https:\/\/www.linkedin.com\/sharing\/share-offsite\/?url=https%3A%2F%2Fwww.software-developer-india.com%2Fsv%2Fvilka-vi-ar%2Fvision-och-uppdrag%2F\" title=\"Dela p\u00e5 LinkedIn\" aria-label=\"Dela p\u00e5 LinkedIn\" role=\"button\" rel=\"noopener nofollow\" class=\"shariff-link\" style=\"; background-color:#0077b5; color:#fff\" target=\"_blank\"><span class=\"shariff-icon\" style=\"\"><svg width=\"32px\" height=\"20px\" xmlns=\"http:\/\/www.w3.org\/2000\/svg\" viewBox=\"0 0 27 32\"><path fill=\"#0077b5\" d=\"M6.2 11.2v17.7h-5.9v-17.7h5.9zM6.6 5.7q0 1.3-0.9 2.2t-2.4 0.9h0q-1.5 0-2.4-0.9t-0.9-2.2 0.9-2.2 2.4-0.9 2.4 0.9 0.9 2.2zM27.4 18.7v10.1h-5.9v-9.5q0-1.9-0.7-2.9t-2.3-1.1q-1.1 0-1.9 0.6t-1.2 1.5q-0.2 0.5-0.2 1.4v9.9h-5.9q0-7.1 0-11.6t0-5.3l0-0.9h5.9v2.6h0q0.4-0.6 0.7-1t1-0.9 1.6-0.8 2-0.3q3 0 4.9 2t1.9 6z\"\/><\/svg><\/span><span class=\"shariff-text\">dela<\/span>&nbsp;<\/a><\/li><li class=\"shariff-button xing shariff-nocustomcolor\" style=\"background-color:#29888a\"><a href=\"https:\/\/www.xing.com\/spi\/shares\/new?url=https%3A%2F%2Fwww.software-developer-india.com%2Fsv%2Fvilka-vi-ar%2Fvision-och-uppdrag%2F\" title=\"Dela p\u00e5 XING\" aria-label=\"Dela p\u00e5 XING\" role=\"button\" rel=\"noopener nofollow\" class=\"shariff-link\" style=\"; background-color:#126567; color:#fff\" target=\"_blank\"><span class=\"shariff-icon\" style=\"\"><svg width=\"32px\" height=\"20px\" xmlns=\"http:\/\/www.w3.org\/2000\/svg\" viewBox=\"0 0 25 32\"><path fill=\"#126567\" d=\"M10.7 11.9q-0.2 0.3-4.6 8.2-0.5 0.8-1.2 0.8h-4.3q-0.4 0-0.5-0.3t0-0.6l4.5-8q0 0 0 0l-2.9-5q-0.2-0.4 0-0.7 0.2-0.3 0.5-0.3h4.3q0.7 0 1.2 0.8zM25.1 0.4q0.2 0.3 0 0.7l-9.4 16.7 6 11q0.2 0.4 0 0.6-0.2 0.3-0.6 0.3h-4.3q-0.7 0-1.2-0.8l-6-11.1q0.3-0.6 9.5-16.8 0.4-0.8 1.2-0.8h4.3q0.4 0 0.5 0.3z\"\/><\/svg><\/span><span class=\"shariff-text\">dela<\/span>&nbsp;<\/a><\/li><\/ul><\/div>","protected":false},"excerpt":{"rendered":"<p>Syn Software Developer India vill bli den valda sourcingpartnern f\u00f6r dedikerade programvaruutvecklare genom att kontinuerligt fokusera p\u00e5 och investera i r\u00e4tt personer, r\u00e4tt system och &#8230; <a title=\"Vision och uppdrag\" class=\"read-more\" href=\"https:\/\/www.software-developer-india.com\/sv\/vilka-vi-ar\/vision-och-uppdrag\/\" aria-label=\"L\u00e4s mer om Vision och uppdrag\">L\u00e4s mer<\/a><\/p>\n","protected":false},"author":1,"featured_media":0,"parent":17016,"menu_order":0,"comment_status":"open","ping_status":"open","template":"page-PageTemplate2.php","meta":{"om_disable_all_campaigns":false,"_monsterinsights_skip_tracking":false,"_monsterinsights_sitenote_active":false,"_monsterinsights_sitenote_note":"","_monsterinsights_sitenote_category":0,"footnotes":""},"class_list":["post-16999","page","type-page","status-publish"],"aioseo_notices":[],"_links":{"self":[{"href":"https:\/\/www.software-developer-india.com\/sv\/wp-json\/wp\/v2\/pages\/16999","targetHints":{"allow":["GET"]}}],"collection":[{"href":"https:\/\/www.software-developer-india.com\/sv\/wp-json\/wp\/v2\/pages"}],"about":[{"href":"https:\/\/www.software-developer-india.com\/sv\/wp-json\/wp\/v2\/types\/page"}],"author":[{"embeddable":true,"href":"https:\/\/www.software-developer-india.com\/sv\/wp-json\/wp\/v2\/users\/1"}],"replies":[{"embeddable":true,"href":"https:\/\/www.software-developer-india.com\/sv\/wp-json\/wp\/v2\/comments?post=16999"}],"version-history":[{"count":0,"href":"https:\/\/www.software-developer-india.com\/sv\/wp-json\/wp\/v2\/pages\/16999\/revisions"}],"up":[{"embeddable":true,"href":"https:\/\/www.software-developer-india.com\/sv\/wp-json\/wp\/v2\/pages\/17016"}],"wp:attachment":[{"href":"https:\/\/www.software-developer-india.com\/sv\/wp-json\/wp\/v2\/media?parent=16999"}],"curies":[{"name":"wp","href":"https:\/\/api.w.org\/{rel}","templated":true}]}}